{"id":865,"date":"2019-02-16T11:24:47","date_gmt":"2019-02-16T08:24:47","guid":{"rendered":"http:\/\/rhinoplus.com.tr\/?page_id=865"},"modified":"2019-06-12T21:06:54","modified_gmt":"2019-06-12T18:06:54","slug":"extrude2","status":"publish","type":"page","link":"http:\/\/rhinoplus.com.tr\/en\/extrude2","title":{"rendered":"Extruder"},"content":{"rendered":"<p><img loading=\"lazy\" decoding=\"async\" width=\"900\" height=\"675\" src=\"http:\/\/rhinoplus.com.tr\/en\/wp-content\/uploads\/2018\/09\/21-1-1024x768.jpg\" alt=\"\" srcset=\"http:\/\/rhinoplus.com.tr\/en\/wp-content\/uploads\/2018\/09\/21-1-1024x768.jpg 1024w, http:\/\/rhinoplus.com.tr\/en\/wp-content\/uploads\/2018\/09\/21-1-300x225.jpg 300w, http:\/\/rhinoplus.com.tr\/en\/wp-content\/uploads\/2018\/09\/21-1-768x576.jpg 768w, http:\/\/rhinoplus.com.tr\/en\/wp-content\/uploads\/2018\/09\/21-1-463x348.jpg 463w\" sizes=\"(max-width: 900px) 100vw, 900px\" \/>\t\t\t\t\t\t\t\t\t\t\t<\/p>\n<ul>\n<li>\u00a0Suitable for PP,HDPE and LDPE<\/li>\n<li>\u00a0Lightweight<\/li>\n<li>Cold start protection<\/li>\n<li>Controlled temperature<\/li>\n<li>\u00a0Easy to operate<\/li>\n<\/ul>\n<p>\t\t\t\t\t\t\t\t\t<a href=\"\">Specifications<\/a><br \/>\n\t\t\t\t\t\t\t\t\t<a href=\"\">Accessories<\/a><br \/>\n\t\t\t\t\t\t\t\t\t<a href=\"\">Videos<\/a><br \/>\n\t\t\t\t\t\t\t\t\tSpecifications<\/p>\n<table>\n<tbody>\n<tr>\n<td width=\"174\">\n<p><strong>Voltaj<\/strong><\/p>\n<\/td>\n<td width=\"42\">\n<p><strong>V<\/strong><\/p>\n<\/td>\n<td width=\"124\">\n<p><strong>220<\/strong><\/p>\n<\/td>\n<\/tr>\n<tr>\n<td width=\"174\">\n<p><strong>G<\/strong><strong>\u00fc\u00e7<\/strong><\/p>\n<\/td>\n<td width=\"42\">\n<p>W<\/p>\n<\/td>\n<td width=\"124\">\n<p>1500<\/p>\n<\/td>\n<\/tr>\n<tr>\n<td width=\"174\">\n<p><strong>Is\u0131<\/strong><\/p>\n<\/td>\n<td width=\"42\">\n<p>\u02daC<\/p>\n<\/td>\n<td width=\"124\">\n<p>0 &#8211; 260<\/p>\n<\/td>\n<\/tr>\n<tr>\n<td width=\"174\">\n<p><strong>Kapasite <\/strong><\/p>\n<\/td>\n<td width=\"42\">\n<p>Kg\/h<\/p>\n<\/td>\n<td width=\"124\">\n<p>2<\/p>\n<\/td>\n<\/tr>\n<tr>\n<td width=\"174\">\n<p><strong>Fitil \u00e7ap\u0131<\/strong><\/p>\n<\/td>\n<td width=\"42\">\n<p>mm<\/p>\n<\/td>\n<td width=\"124\">\n<p>3 to 5<\/p>\n<\/td>\n<\/tr>\n<tr>\n<td width=\"174\">\n<p><strong>A\u011f\u0131rl\u0131k <\/strong><\/p>\n<\/td>\n<td width=\"42\">\n<p>kg<\/p>\n<\/td>\n<td width=\"124\">\n<p>5<\/p>\n<\/td>\n<\/tr>\n<tr>\n<td width=\"174\">\n<p><strong>Ebat<\/strong><\/p>\n<\/td>\n<td width=\"42\">\n<p>mm<\/p>\n<\/td>\n<td width=\"124\">\n<p>550x250x90<\/p>\n<\/td>\n<\/tr>\n<\/tbody>\n<\/table>\n<p>\t\t\t\t\t\t\t\t\tAccessories<\/p>\n<p>[elementor-template id=&#8221;807&#8243;]<\/p>\n<p>\t\t\t\t\t\t\t\t\tVideos<\/p>\n<p><iframe loading=\"lazy\" width=\"900\" height=\"675\" src=\"https:\/\/www.youtube.com\/embed\/MpW7g4VuObQ?feature=oembed\" frameborder=\"0\" allow=\"accelerometer; autoplay; encrypted-media; gyroscope; picture-in-picture\" allowfullscreen><\/iframe><\/p>\n<p>The Extruder as a geomembrane welding machine, is the best device for the welding and restoration of pipes, tanks, joints, agricultural ponds, geomembrane films, for PE and PP (polyethylene and polypropylene). This product can be supplied by Rhinoplus company at prices that are at least twice cheaper than other foreign products with the same quality.<\/p>\n","protected":false},"excerpt":{"rendered":"<p>\u00a0Suitable for PP,HDPE and LDPE \u00a0Lightweight Cold start protection Controlled temperature \u00a0Easy to operate Specifications Accessories Videos Specifications Voltaj V 220 G\u00fc\u00e7 W 1500 Is\u0131 \u02daC 0 &#8211; 260 Kapasite Kg\/h 2 Fitil \u00e7ap\u0131 mm 3 to 5 A\u011f\u0131rl\u0131k kg 5 Ebat mm 550x250x90 Accessories [elementor-template id=&#8221;807&#8243;] Videos The Extruder as a geomembrane welding machine, [&hellip;]<\/p>\n","protected":false},"author":2,"featured_media":773,"parent":0,"menu_order":2,"comment_status":"closed","ping_status":"closed","template":"","meta":{"footnotes":""},"_links":{"self":[{"href":"http:\/\/rhinoplus.com.tr\/en\/wp-json\/wp\/v2\/pages\/865"}],"collection":[{"href":"http:\/\/rhinoplus.com.tr\/en\/wp-json\/wp\/v2\/pages"}],"about":[{"href":"http:\/\/rhinoplus.com.tr\/en\/wp-json\/wp\/v2\/types\/page"}],"author":[{"embeddable":true,"href":"http:\/\/rhinoplus.com.tr\/en\/wp-json\/wp\/v2\/users\/2"}],"replies":[{"embeddable":true,"href":"http:\/\/rhinoplus.com.tr\/en\/wp-json\/wp\/v2\/comments?post=865"}],"version-history":[{"count":6,"href":"http:\/\/rhinoplus.com.tr\/en\/wp-json\/wp\/v2\/pages\/865\/revisions"}],"predecessor-version":[{"id":1017,"href":"http:\/\/rhinoplus.com.tr\/en\/wp-json\/wp\/v2\/pages\/865\/revisions\/1017"}],"wp:featuredmedia":[{"embeddable":true,"href":"http:\/\/rhinoplus.com.tr\/en\/wp-json\/wp\/v2\/media\/773"}],"wp:attachment":[{"href":"http:\/\/rhinoplus.com.tr\/en\/wp-json\/wp\/v2\/media?parent=865"}],"curies":[{"name":"wp","href":"https:\/\/api.w.org\/{rel}","templated":true}]}}