{"id":65,"date":"2016-08-11T07:18:41","date_gmt":"2016-08-11T07:18:41","guid":{"rendered":"http:\/\/sw-themes.com\/porto_dummy\/?page_id=2"},"modified":"2024-03-01T16:16:35","modified_gmt":"2024-03-01T13:16:35","slug":"contact-us","status":"publish","type":"page","link":"https:\/\/rhinoplus.com.tr\/ar\/contact-us","title":{"rendered":"CONTACT US"},"content":{"rendered":"\n\n\t<p>Rhinoplus ARGE Dan\u0131\u015fmanl\u0131k \u0130malat San. Tic. Ltd. \u015eti.<\/p>\n<strong>:\u0639\u0646\u0648\u0627\u0646 \u0627\u0644\u0634\u0631\u0643\u0629<\/strong><br \/>\nBahcelievler mahallesi 319 caddesi E-blok (teknokent) 35 E\/b13 \u063a\u0648\u0644\u0628\u0627\u0633\u064a \/ \u0622\u0646\u06a9\u0627\u0631\u0627 \/ \u062a\u0631\u0643\u064a\u0627\n<p><strong>+90 312 585 0270 : \u0647\u0627\u062a\u0641<\/strong><\/p>\n<p><strong>\u00a0info@rhinoplus.com.tr : \u0639\u0646\u0648\u0627\u0646 \u0627\u0644\u0628\u0631\u064a\u062f \u0627\u0644\u0625\u0644\u0643\u062a\u0631\u0648\u0646\u064a<\/strong><\/p>\n<p>&nbsp;<\/p>\n<p><iframe loading=\"lazy\" src=\"https:\/\/www.google.com\/maps\/embed?pb=!1m18!1m12!1m3!1d3066.050765510349!2d32.81163931476637!3d39.783416101836536!2m3!1f0!2f0!3f0!3m2!1i1024!2i768!4f13.1!3m3!1m2!1s0x14d3417bfffc4381%3A0x9f364b0490322bac!2sAnkara+%C3%9Cniversitesi+Teknokent!5e0!3m2!1str!2str!4v1533313477125\" width=\"100%\" height=\"450\" frameborder=\"0\" allowfullscreen=\"allowfullscreen\"><\/iframe><\/p>\n\n","protected":false},"excerpt":{"rendered":"<p>Rhinoplus ARGE Dan\u0131\u015fmanl\u0131k \u0130malat San. Tic. Ltd. \u015eti. :\u0639\u0646\u0648\u0627\u0646 \u0627\u0644\u0634\u0631\u0643\u0629 Bahcelievler mahallesi 319 caddesi E-blok (teknokent) 35 E\/b13 \u063a\u0648\u0644\u0628\u0627\u0633\u064a \/ \u0622\u0646\u06a9\u0627\u0631\u0627 \/ \u062a\u0631\u0643\u064a\u0627 +90 312 585 0270 : \u0647\u0627\u062a\u0641 \u00a0info@rhinoplus.com.tr : \u0639\u0646\u0648\u0627\u0646 \u0627\u0644\u0628\u0631\u064a\u062f \u0627\u0644\u0625\u0644\u0643\u062a\u0631\u0648\u0646\u064a &nbsp;<\/p>\n","protected":false},"author":1,"featured_media":0,"parent":0,"menu_order":0,"comment_status":"closed","ping_status":"open","template":"","meta":{"footnotes":""},"_links":{"self":[{"href":"https:\/\/rhinoplus.com.tr\/ar\/wp-json\/wp\/v2\/pages\/65"}],"collection":[{"href":"https:\/\/rhinoplus.com.tr\/ar\/wp-json\/wp\/v2\/pages"}],"about":[{"href":"https:\/\/rhinoplus.com.tr\/ar\/wp-json\/wp\/v2\/types\/page"}],"author":[{"embeddable":true,"href":"https:\/\/rhinoplus.com.tr\/ar\/wp-json\/wp\/v2\/users\/1"}],"replies":[{"embeddable":true,"href":"https:\/\/rhinoplus.com.tr\/ar\/wp-json\/wp\/v2\/comments?post=65"}],"version-history":[{"count":4,"href":"https:\/\/rhinoplus.com.tr\/ar\/wp-json\/wp\/v2\/pages\/65\/revisions"}],"predecessor-version":[{"id":1164,"href":"https:\/\/rhinoplus.com.tr\/ar\/wp-json\/wp\/v2\/pages\/65\/revisions\/1164"}],"wp:attachment":[{"href":"https:\/\/rhinoplus.com.tr\/ar\/wp-json\/wp\/v2\/media?parent=65"}],"curies":[{"name":"wp","href":"https:\/\/api.w.org\/{rel}","templated":true}]}}