{"id":943,"date":"2019-06-12T19:36:56","date_gmt":"2019-06-12T16:36:56","guid":{"rendered":"http:\/\/rhinoplus.com.tr\/?page_id=943"},"modified":"2025-12-15T15:10:37","modified_gmt":"2025-12-15T12:10:37","slug":"home-2","status":"publish","type":"page","link":"https:\/\/rhinoplus.com.tr\/en\/","title":{"rendered":"Home"},"content":{"rendered":"\n<h1>\n\t\t\tRhinoplus Arge Dan\u0131\u015fmanl\u0131k \u0130malat San. Tic. Ltd. \u015eti.\t<\/h1>\n\t<h1>Unstoppable Performance For Geomembrane Field Welding<\/h1>\n\t\t\t<a href=\"https:\/\/rhinoplus.com.tr\/en\/geomembran-kaynak-makineleri\" target=\"_self\" rel=\"noopener\">\n\t\t\t\t\t\t\tProducts\n\t\t\t<\/a>\n\t\t\t<a href=\"https:\/\/rhinoplus.com.tr\/en\/about-us\" target=\"_self\" rel=\"noopener\">\n\t\t\t\t\t\t\tAbout Us\n\t\t\t<\/a>\n\t\t\t<a href=\"https:\/\/rhinoplus.com.tr\/en\/contact-us\" target=\"_self\" rel=\"noopener\">\n\t\t\t\t\t\t\tContact Us\n\t\t\t<\/a>\n<h2>\n\t\t\tProducts\t<\/h2>\n\t<p>Turkey&#8217;s premier manufacturer of advanced Geomembrane Welding Machines. Engineered for speed, designed for durability.<\/p>\n\t\t\t\t<img decoding=\"async\" src=\"http:\/\/rhinoplus.com.tr\/en\/wp-content\/uploads\/2023\/05\/20220530_093015-scaled.jpg\" alt=\"Plawel-S7\" itemprop=\"image\" title=\"20220530_093015\" onerror=\"this.style.display='none'\" loading=\"lazy\" \/>\n\t<p>PLAWEL-S7 heavy-duty welding robot<\/p>\n<p><a href=\"#\">Learn more<\/a><\/p>\n\t\t\t\t<img decoding=\"async\" src=\"http:\/\/rhinoplus.com.tr\/en\/wp-content\/uploads\/2019\/02\/plawel.jpg\" alt=\"Plawel-S4\" itemprop=\"image\" title=\"plawel\" onerror=\"this.style.display='none'\" loading=\"lazy\" \/>\n\t<p>PLAWEL-S4 fastest in category welding both HDPE and PVC<\/p>\n<p><a href=\"#\">Learn more<\/a><\/p>\n\t\t\t\t<img decoding=\"async\" src=\"http:\/\/rhinoplus.com.tr\/en\/wp-content\/uploads\/2019\/02\/air-extruder1.jpg\" alt=\"air extruder1\" itemprop=\"image\" title=\"air extruder1\" onerror=\"this.style.display='none'\" loading=\"lazy\" \/>\n\t<p>Ekstruder-Air Best in category in reliability and user-friendly control<\/p>\n<p><a href=\"https:\/\/rhinoplus.com.tr\/en\/extrude-air\">Learn more<\/a><\/p>\n\t\t\t\t<img decoding=\"async\" src=\"http:\/\/rhinoplus.com.tr\/en\/wp-content\/uploads\/2023\/06\/Mikro-enjeksiyon-scaled.jpg\" alt=\"Mikro enjeksiyon\" itemprop=\"image\" title=\"Mikro enjeksiyon\" onerror=\"this.style.display='none'\" loading=\"lazy\" \/>\n\t\t\t\t<img decoding=\"async\" src=\"http:\/\/rhinoplus.com.tr\/en\/wp-content\/uploads\/2023\/05\/Sicak-hava-Ufleyici.jpeg\" alt=\"Hot-Air Blower\" itemprop=\"image\" title=\"S\u0131cak hava \u00dcfleyici\" onerror=\"this.style.display='none'\" loading=\"lazy\" \/>\n\t\t\t\t<img decoding=\"async\" src=\"http:\/\/rhinoplus.com.tr\/en\/wp-content\/uploads\/2023\/05\/test-needle-1024x596-1.jpg\" alt=\"Pressure Test Needle\" itemprop=\"image\" title=\"test-needle-1024x596\" onerror=\"this.style.display='none'\" loading=\"lazy\" \/>\n\t\t\t\t<img decoding=\"async\" src=\"http:\/\/rhinoplus.com.tr\/en\/wp-content\/uploads\/2018\/09\/20.jpg\" alt=\"cof\" itemprop=\"image\" title=\"cof\" onerror=\"this.style.display='none'\" loading=\"lazy\" \/>\n\t\t\t\t<img decoding=\"async\" src=\"http:\/\/rhinoplus.com.tr\/en\/wp-content\/uploads\/2019\/06\/heat-selection-type_Page_1-1.jpg\" alt=\"heat-selection-type_Page_1.jpg\" itemprop=\"image\" title=\"heat-selection-type_Page_1.jpg\" onerror=\"this.style.display='none'\" loading=\"lazy\" \/>\n\t\t\t\t<img decoding=\"async\" src=\"http:\/\/rhinoplus.com.tr\/en\/wp-content\/uploads\/2018\/11\/yedek-par\u00e7alar-e1541085939122.jpg\" alt=\"yedek par\u00e7alar\" itemprop=\"image\" title=\"yedek par\u00e7alar\" onerror=\"this.style.display='none'\" loading=\"lazy\" \/>\n\n","protected":false},"excerpt":{"rendered":"<p>Rhinoplus Arge Dan\u0131\u015fmanl\u0131k \u0130malat San. Tic. Ltd. \u015eti. Unstoppable Performance For Geomembrane Field Welding Products About Us Contact Us Products Turkey&#8217;s premier manufacturer of advanced Geomembrane Welding Machines. Engineered for speed, designed for durability. PLAWEL-S7 heavy-duty welding robot Learn more PLAWEL-S4 fastest in category welding both HDPE and PVC Learn more Ekstruder-Air Best in category [&hellip;]<\/p>\n","protected":false},"author":2,"featured_media":0,"parent":0,"menu_order":0,"comment_status":"closed","ping_status":"closed","template":"","meta":{"footnotes":""},"_links":{"self":[{"href":"https:\/\/rhinoplus.com.tr\/en\/wp-json\/wp\/v2\/pages\/943"}],"collection":[{"href":"https:\/\/rhinoplus.com.tr\/en\/wp-json\/wp\/v2\/pages"}],"about":[{"href":"https:\/\/rhinoplus.com.tr\/en\/wp-json\/wp\/v2\/types\/page"}],"author":[{"embeddable":true,"href":"https:\/\/rhinoplus.com.tr\/en\/wp-json\/wp\/v2\/users\/2"}],"replies":[{"embeddable":true,"href":"https:\/\/rhinoplus.com.tr\/en\/wp-json\/wp\/v2\/comments?post=943"}],"version-history":[{"count":18,"href":"https:\/\/rhinoplus.com.tr\/en\/wp-json\/wp\/v2\/pages\/943\/revisions"}],"predecessor-version":[{"id":1164,"href":"https:\/\/rhinoplus.com.tr\/en\/wp-json\/wp\/v2\/pages\/943\/revisions\/1164"}],"wp:attachment":[{"href":"https:\/\/rhinoplus.com.tr\/en\/wp-json\/wp\/v2\/media?parent=943"}],"curies":[{"name":"wp","href":"https:\/\/api.w.org\/{rel}","templated":true}]}}